{"id":160,"date":"2025-07-23T15:49:50","date_gmt":"2025-07-23T12:49:50","guid":{"rendered":"http:\/\/localhost\/bilindik-studio\/?page_id=160"},"modified":"2025-07-23T15:54:55","modified_gmt":"2025-07-23T12:54:55","slug":"iletisim","status":"publish","type":"page","link":"https:\/\/bilindiksoftwarestudio.com\/index.php\/iletisim\/","title":{"rendered":"\u0130leti\u015fim"},"content":{"rendered":"\t\t<div data-elementor-type=\"wp-page\" data-elementor-id=\"160\" class=\"elementor elementor-160\">\n\t\t\t\t<div class=\"elementor-element elementor-element-2d0884e e-flex e-con-boxed e-con e-parent\" data-id=\"2d0884e\" data-element_type=\"container\">\n\t\t\t\t\t<div class=\"e-con-inner\">\n\t\t\t\t<div class=\"elementor-element elementor-element-1c727f1 elementor-widget elementor-widget-heading\" data-id=\"1c727f1\" data-element_type=\"widget\" data-widget_type=\"heading.default\">\n\t\t\t\t\t<h2 class=\"elementor-heading-title elementor-size-default\">\u0130leti\u015fim<\/h2>\t\t\t\t<\/div>\n\t\t\t\t<div class=\"elementor-element elementor-element-d4e2411 elementor-widget-divider--view-line elementor-widget elementor-widget-divider\" data-id=\"d4e2411\" data-element_type=\"widget\" data-widget_type=\"divider.default\">\n\t\t\t\t\t\t\t<div class=\"elementor-divider\">\n\t\t\t<span class=\"elementor-divider-separator\">\n\t\t\t\t\t\t<\/span>\n\t\t<\/div>\n\t\t\t\t\t\t<\/div>\n\t\t\t\t<div class=\"elementor-element elementor-element-da1b279 elementor-widget elementor-widget-text-editor\" data-id=\"da1b279\" data-element_type=\"widget\" data-widget_type=\"text-editor.default\">\n\t\t\t\t\t\t\t\t\t<p data-start=\"626\" data-end=\"759\">Herhangi bir sorunuz, \u00f6neriniz ya da i\u015f birli\u011fi teklifiniz mi var? Bizimle ileti\u015fime ge\u00e7mekten \u00e7ekinmeyin! Size en k\u0131sa s\u00fcrede d\u00f6n\u00fc\u015f yapaca\u011f\u0131z.<\/p><p data-start=\"346\" data-end=\"371\"><strong data-start=\"346\" data-end=\"369\">\u0130leti\u015fim Bilgileri:<\/strong><\/p><ul data-start=\"372\" data-end=\"554\"><li data-start=\"372\" data-end=\"414\"><p data-start=\"374\" data-end=\"414\"><strong data-start=\"374\" data-end=\"386\">E-posta:<\/strong> <a class=\"cursor-pointer\" rel=\"noopener\" data-start=\"387\" data-end=\"412\">bilindikyazilim@gmail.com<\/a><\/p><\/li><li data-start=\"415\" data-end=\"449\"><p data-start=\"417\" data-end=\"449\"><strong data-start=\"417\" data-end=\"429\">Telefon:<\/strong> +90 552 075 42 39<\/p><\/li><li><strong data-start=\"417\" data-end=\"429\">Telefon:<\/strong> +90 530 973 32 91<\/li><li><strong data-start=\"417\" data-end=\"429\">Telefon:<\/strong> +90 505 060 82 18<\/li><\/ul>\t\t\t\t\t\t\t\t<\/div>\n\t\t\t\t\t<\/div>\n\t\t\t\t<\/div>\n\t\t\t\t<\/div>\n\t\t","protected":false},"excerpt":{"rendered":"<p>\u0130leti\u015fim Herhangi bir sorunuz, \u00f6neriniz ya da i\u015f birli\u011fi teklifiniz mi var? Bizimle ileti\u015fime ge\u00e7mekten \u00e7ekinmeyin! Size en k\u0131sa s\u00fcrede [&hellip;]<\/p>\n","protected":false},"author":1,"featured_media":0,"parent":0,"menu_order":0,"comment_status":"closed","ping_status":"open","template":"","meta":{"site-sidebar-layout":"no-sidebar","site-content-layout":"","ast-site-content-layout":"full-width-container","site-content-style":"default","site-sidebar-style":"default","ast-global-header-display":"","ast-banner-title-visibility":"","ast-main-header-display":"","ast-hfb-above-header-display":"","ast-hfb-below-header-display":"","ast-hfb-mobile-header-display":"","site-post-title":"disabled","ast-breadcrumbs-content":"","ast-featured-img":"disabled","footer-sml-layout":"","theme-transparent-header-meta":"","adv-header-id-meta":"","stick-header-meta":"","header-above-stick-meta":"","header-main-stick-meta":"","header-below-stick-meta":"","astra-migrate-meta-layouts":"default","ast-page-background-enabled":"default","ast-page-background-meta":{"desktop":{"background-color":"var(--ast-global-color-5)","background-image":"","background-repeat":"repeat","background-position":"center center","background-size":"auto","background-attachment":"scroll","background-type":"","background-media":"","overlay-type":"","overlay-color":"","overlay-opacity":"","overlay-gradient":""},"tablet":{"background-color":"","background-image":"","background-repeat":"repeat","background-position":"center center","background-size":"auto","background-attachment":"scroll","background-type":"","background-media":"","overlay-type":"","overlay-color":"","overlay-opacity":"","overlay-gradient":""},"mobile":{"background-color":"","background-image":"","background-repeat":"repeat","background-position":"center center","background-size":"auto","background-attachment":"scroll","background-type":"","background-media":"","overlay-type":"","overlay-color":"","overlay-opacity":"","overlay-gradient":""}},"ast-content-background-meta":{"desktop":{"background-color":"var(--ast-global-color-4)","background-image":"","background-repeat":"repeat","background-position":"center center","background-size":"auto","background-attachment":"scroll","background-type":"","background-media":"","overlay-type":"","overlay-color":"","overlay-opacity":"","overlay-gradient":""},"tablet":{"background-color":"var(--ast-global-color-4)","background-image":"","background-repeat":"repeat","background-position":"center center","background-size":"auto","background-attachment":"scroll","background-type":"","background-media":"","overlay-type":"","overlay-color":"","overlay-opacity":"","overlay-gradient":""},"mobile":{"background-color":"var(--ast-global-color-4)","background-image":"","background-repeat":"repeat","background-position":"center center","background-size":"auto","background-attachment":"scroll","background-type":"","background-media":"","overlay-type":"","overlay-color":"","overlay-opacity":"","overlay-gradient":""}},"footnotes":""},"class_list":["post-160","page","type-page","status-publish","hentry"],"yoast_head":"<!-- This site is optimized with the Yoast SEO plugin v25.5 - https:\/\/yoast.com\/wordpress\/plugins\/seo\/ -->\n<title>\u0130leti\u015fim - Bilindik Studio<\/title>\n<meta name=\"description\" content=\"bilindik studio ileti\u015fim, ileti\u015fim, eposta, bilindik studio e posta ileti\u015fim, website ileti\u015fim, ileti\u015fim sayfas\u0131,\" \/>\n<meta name=\"robots\" content=\"index, follow, max-snippet:-1, max-image-preview:large, max-video-preview:-1\" \/>\n<link rel=\"canonical\" href=\"https:\/\/bilindiksoftwarestudio.com\/index.php\/iletisim\/\" \/>\n<meta property=\"og:locale\" content=\"tr_TR\" \/>\n<meta property=\"og:type\" content=\"article\" \/>\n<meta property=\"og:title\" content=\"\u0130leti\u015fim - Bilindik Studio\" \/>\n<meta property=\"og:description\" content=\"bilindik studio ileti\u015fim, ileti\u015fim, eposta, bilindik studio e posta ileti\u015fim, website ileti\u015fim, ileti\u015fim sayfas\u0131,\" \/>\n<meta property=\"og:url\" content=\"https:\/\/bilindiksoftwarestudio.com\/index.php\/iletisim\/\" \/>\n<meta property=\"og:site_name\" content=\"Bilindik Studio\" \/>\n<meta property=\"article:modified_time\" content=\"2025-07-23T12:54:55+00:00\" \/>\n<meta property=\"og:image\" content=\"https:\/\/bilindiksoftwarestudio.com\/wp-content\/uploads\/2025\/07\/logo2.jpg\" \/>\n\t<meta property=\"og:image:width\" content=\"1024\" \/>\n\t<meta property=\"og:image:height\" content=\"1024\" \/>\n\t<meta property=\"og:image:type\" content=\"image\/jpeg\" \/>\n<meta name=\"twitter:card\" content=\"summary_large_image\" \/>\n<meta name=\"twitter:label1\" content=\"Tahmini okuma s\u00fcresi\" \/>\n\t<meta name=\"twitter:data1\" content=\"1 dakika\" \/>\n<script type=\"application\/ld+json\" class=\"yoast-schema-graph\">{\"@context\":\"https:\/\/schema.org\",\"@graph\":[{\"@type\":\"WebPage\",\"@id\":\"https:\/\/bilindiksoftwarestudio.com\/index.php\/iletisim\/\",\"url\":\"https:\/\/bilindiksoftwarestudio.com\/index.php\/iletisim\/\",\"name\":\"\u0130leti\u015fim - Bilindik Studio\",\"isPartOf\":{\"@id\":\"https:\/\/bilindiksoftwarestudio.com\/#website\"},\"datePublished\":\"2025-07-23T12:49:50+00:00\",\"dateModified\":\"2025-07-23T12:54:55+00:00\",\"description\":\"bilindik studio ileti\u015fim, ileti\u015fim, eposta, bilindik studio e posta ileti\u015fim, website ileti\u015fim, ileti\u015fim sayfas\u0131,\",\"breadcrumb\":{\"@id\":\"https:\/\/bilindiksoftwarestudio.com\/index.php\/iletisim\/#breadcrumb\"},\"inLanguage\":\"tr\",\"potentialAction\":[{\"@type\":\"ReadAction\",\"target\":[\"https:\/\/bilindiksoftwarestudio.com\/index.php\/iletisim\/\"]}]},{\"@type\":\"BreadcrumbList\",\"@id\":\"https:\/\/bilindiksoftwarestudio.com\/index.php\/iletisim\/#breadcrumb\",\"itemListElement\":[{\"@type\":\"ListItem\",\"position\":1,\"name\":\"Anasayfa\",\"item\":\"https:\/\/bilindiksoftwarestudio.com\/\"},{\"@type\":\"ListItem\",\"position\":2,\"name\":\"\u0130leti\u015fim\"}]},{\"@type\":\"WebSite\",\"@id\":\"https:\/\/bilindiksoftwarestudio.com\/#website\",\"url\":\"https:\/\/bilindiksoftwarestudio.com\/\",\"name\":\"bilindiksoftwarestudio.com\",\"description\":\"Oyunu Bilindik Yapar\",\"publisher\":{\"@id\":\"https:\/\/bilindiksoftwarestudio.com\/#organization\"},\"alternateName\":\"Bilindik Studio\",\"potentialAction\":[{\"@type\":\"SearchAction\",\"target\":{\"@type\":\"EntryPoint\",\"urlTemplate\":\"https:\/\/bilindiksoftwarestudio.com\/?s={search_term_string}\"},\"query-input\":{\"@type\":\"PropertyValueSpecification\",\"valueRequired\":true,\"valueName\":\"search_term_string\"}}],\"inLanguage\":\"tr\"},{\"@type\":\"Organization\",\"@id\":\"https:\/\/bilindiksoftwarestudio.com\/#organization\",\"name\":\"Bilindik Studio\",\"url\":\"https:\/\/bilindiksoftwarestudio.com\/\",\"logo\":{\"@type\":\"ImageObject\",\"inLanguage\":\"tr\",\"@id\":\"https:\/\/bilindiksoftwarestudio.com\/#\/schema\/logo\/image\/\",\"url\":\"https:\/\/bilindiksoftwarestudio.com\/wp-content\/uploads\/2025\/07\/logo2.jpg\",\"contentUrl\":\"https:\/\/bilindiksoftwarestudio.com\/wp-content\/uploads\/2025\/07\/logo2.jpg\",\"width\":1024,\"height\":1024,\"caption\":\"Bilindik Studio\"},\"image\":{\"@id\":\"https:\/\/bilindiksoftwarestudio.com\/#\/schema\/logo\/image\/\"}}]}<\/script>\n<!-- \/ Yoast SEO plugin. -->","yoast_head_json":{"title":"\u0130leti\u015fim - Bilindik Studio","description":"bilindik studio ileti\u015fim, ileti\u015fim, eposta, bilindik studio e posta ileti\u015fim, website ileti\u015fim, ileti\u015fim sayfas\u0131,","robots":{"index":"index","follow":"follow","max-snippet":"max-snippet:-1","max-image-preview":"max-image-preview:large","max-video-preview":"max-video-preview:-1"},"canonical":"https:\/\/bilindiksoftwarestudio.com\/index.php\/iletisim\/","og_locale":"tr_TR","og_type":"article","og_title":"\u0130leti\u015fim - Bilindik Studio","og_description":"bilindik studio ileti\u015fim, ileti\u015fim, eposta, bilindik studio e posta ileti\u015fim, website ileti\u015fim, ileti\u015fim sayfas\u0131,","og_url":"https:\/\/bilindiksoftwarestudio.com\/index.php\/iletisim\/","og_site_name":"Bilindik Studio","article_modified_time":"2025-07-23T12:54:55+00:00","og_image":[{"width":1024,"height":1024,"url":"https:\/\/bilindiksoftwarestudio.com\/wp-content\/uploads\/2025\/07\/logo2.jpg","type":"image\/jpeg"}],"twitter_card":"summary_large_image","twitter_misc":{"Tahmini okuma s\u00fcresi":"1 dakika"},"schema":{"@context":"https:\/\/schema.org","@graph":[{"@type":"WebPage","@id":"https:\/\/bilindiksoftwarestudio.com\/index.php\/iletisim\/","url":"https:\/\/bilindiksoftwarestudio.com\/index.php\/iletisim\/","name":"\u0130leti\u015fim - Bilindik Studio","isPartOf":{"@id":"https:\/\/bilindiksoftwarestudio.com\/#website"},"datePublished":"2025-07-23T12:49:50+00:00","dateModified":"2025-07-23T12:54:55+00:00","description":"bilindik studio ileti\u015fim, ileti\u015fim, eposta, bilindik studio e posta ileti\u015fim, website ileti\u015fim, ileti\u015fim sayfas\u0131,","breadcrumb":{"@id":"https:\/\/bilindiksoftwarestudio.com\/index.php\/iletisim\/#breadcrumb"},"inLanguage":"tr","potentialAction":[{"@type":"ReadAction","target":["https:\/\/bilindiksoftwarestudio.com\/index.php\/iletisim\/"]}]},{"@type":"BreadcrumbList","@id":"https:\/\/bilindiksoftwarestudio.com\/index.php\/iletisim\/#breadcrumb","itemListElement":[{"@type":"ListItem","position":1,"name":"Anasayfa","item":"https:\/\/bilindiksoftwarestudio.com\/"},{"@type":"ListItem","position":2,"name":"\u0130leti\u015fim"}]},{"@type":"WebSite","@id":"https:\/\/bilindiksoftwarestudio.com\/#website","url":"https:\/\/bilindiksoftwarestudio.com\/","name":"bilindiksoftwarestudio.com","description":"Oyunu Bilindik Yapar","publisher":{"@id":"https:\/\/bilindiksoftwarestudio.com\/#organization"},"alternateName":"Bilindik Studio","potentialAction":[{"@type":"SearchAction","target":{"@type":"EntryPoint","urlTemplate":"https:\/\/bilindiksoftwarestudio.com\/?s={search_term_string}"},"query-input":{"@type":"PropertyValueSpecification","valueRequired":true,"valueName":"search_term_string"}}],"inLanguage":"tr"},{"@type":"Organization","@id":"https:\/\/bilindiksoftwarestudio.com\/#organization","name":"Bilindik Studio","url":"https:\/\/bilindiksoftwarestudio.com\/","logo":{"@type":"ImageObject","inLanguage":"tr","@id":"https:\/\/bilindiksoftwarestudio.com\/#\/schema\/logo\/image\/","url":"https:\/\/bilindiksoftwarestudio.com\/wp-content\/uploads\/2025\/07\/logo2.jpg","contentUrl":"https:\/\/bilindiksoftwarestudio.com\/wp-content\/uploads\/2025\/07\/logo2.jpg","width":1024,"height":1024,"caption":"Bilindik Studio"},"image":{"@id":"https:\/\/bilindiksoftwarestudio.com\/#\/schema\/logo\/image\/"}}]}},"_links":{"self":[{"href":"https:\/\/bilindiksoftwarestudio.com\/index.php\/wp-json\/wp\/v2\/pages\/160","targetHints":{"allow":["GET"]}}],"collection":[{"href":"https:\/\/bilindiksoftwarestudio.com\/index.php\/wp-json\/wp\/v2\/pages"}],"about":[{"href":"https:\/\/bilindiksoftwarestudio.com\/index.php\/wp-json\/wp\/v2\/types\/page"}],"author":[{"embeddable":true,"href":"https:\/\/bilindiksoftwarestudio.com\/index.php\/wp-json\/wp\/v2\/users\/1"}],"replies":[{"embeddable":true,"href":"https:\/\/bilindiksoftwarestudio.com\/index.php\/wp-json\/wp\/v2\/comments?post=160"}],"version-history":[{"count":4,"href":"https:\/\/bilindiksoftwarestudio.com\/index.php\/wp-json\/wp\/v2\/pages\/160\/revisions"}],"predecessor-version":[{"id":164,"href":"https:\/\/bilindiksoftwarestudio.com\/index.php\/wp-json\/wp\/v2\/pages\/160\/revisions\/164"}],"wp:attachment":[{"href":"https:\/\/bilindiksoftwarestudio.com\/index.php\/wp-json\/wp\/v2\/media?parent=160"}],"curies":[{"name":"wp","href":"https:\/\/api.w.org\/{rel}","templated":true}]}}