{"id":214,"date":"2025-09-16T12:48:05","date_gmt":"2025-09-16T09:48:05","guid":{"rendered":"https:\/\/bilindiksoftwarestudio.com\/?page_id=214"},"modified":"2025-09-16T12:48:54","modified_gmt":"2025-09-16T09:48:54","slug":"cube-escaper-gizlilik-politikasi","status":"publish","type":"page","link":"https:\/\/bilindiksoftwarestudio.com\/index.php\/cube-escaper-gizlilik-politikasi\/","title":{"rendered":"Cube Escaper Gizlilik Politikas\u0131"},"content":{"rendered":"\t\t<div data-elementor-type=\"wp-page\" data-elementor-id=\"214\" class=\"elementor elementor-214\">\n\t\t\t\t<div class=\"elementor-element elementor-element-4a9ba3c5 e-flex e-con-boxed e-con e-parent\" data-id=\"4a9ba3c5\" data-element_type=\"container\">\n\t\t\t\t\t<div class=\"e-con-inner\">\n\t\t\t\t<div class=\"elementor-element elementor-element-688dfed7 elementor-widget elementor-widget-text-editor\" data-id=\"688dfed7\" data-element_type=\"widget\" data-widget_type=\"text-editor.default\">\n\t\t\t\t\t\t\t\t\t<h2>Cube Escaper Gizlilik Politikas\u0131<\/h2><p>Oyunumuz, kullan\u0131c\u0131 kayd\u0131 veya ki\u015fisel bilgi giri\u015fi gerektirmez. Ancak, oyun i\u00e7erisinde Google AdMob reklamlar\u0131 ve Google hizmetleri (\u00f6rne\u011fin Google Analytics) kullan\u0131lmaktad\u0131r. Bu hizmetler, cihaz\u0131n\u0131z\u0131n reklam kimli\u011fini, cihaz bilgilerini ve kullan\u0131m verilerini toplayabilir. Bu veriler;<\/p><p>Reklamlar\u0131 g\u00f6stermek,<\/p><p>Reklamlar\u0131 ki\u015fiselle\u015ftirmek,<\/p><p>Uygulama performans\u0131n\u0131 analiz etmek<\/p><p>amac\u0131yla kullan\u0131l\u0131r.<\/p><p>Toplanan veriler yaln\u0131zca size daha alakal\u0131 i\u00e7erik sunmak, reklamlar\u0131 iyile\u015ftirmek ve hizmet kalitesini art\u0131rmak amac\u0131yla i\u015flenmektedir. Bu veriler, Google\u2019\u0131n gizlilik politikalar\u0131na tabidir.<\/p><p>Daha fazla bilgi i\u00e7in Google\u2019\u0131n gizlilik politikas\u0131n\u0131 ziyaret edebilirsiniz: <a href=\"https:\/\/policies.google.com\/privacy\" target=\"_blank\" rel=\"noopener\">Google Gizlilik Politikas\u0131<\/a><\/p>\t\t\t\t\t\t\t\t<\/div>\n\t\t\t\t\t<\/div>\n\t\t\t\t<\/div>\n\t\t\t\t<\/div>\n\t\t","protected":false},"excerpt":{"rendered":"<p>Cube Escaper Gizlilik Politikas\u0131 Oyunumuz, kullan\u0131c\u0131 kayd\u0131 veya ki\u015fisel bilgi giri\u015fi gerektirmez. Ancak, oyun i\u00e7erisinde Google AdMob reklamlar\u0131 ve Google [&hellip;]<\/p>\n","protected":false},"author":1,"featured_media":0,"parent":0,"menu_order":0,"comment_status":"closed","ping_status":"closed","template":"","meta":{"site-sidebar-layout":"default","site-content-layout":"","ast-site-content-layout":"default","site-content-style":"default","site-sidebar-style":"default","ast-global-header-display":"","ast-banner-title-visibility":"","ast-main-header-display":"","ast-hfb-above-header-display":"","ast-hfb-below-header-display":"","ast-hfb-mobile-header-display":"","site-post-title":"","ast-breadcrumbs-content":"","ast-featured-img":"","footer-sml-layout":"","theme-transparent-header-meta":"","adv-header-id-meta":"","stick-header-meta":"","header-above-stick-meta":"","header-main-stick-meta":"","header-below-stick-meta":"","astra-migrate-meta-layouts":"default","ast-page-background-enabled":"default","ast-page-background-meta":{"desktop":{"background-color":"var(--ast-global-color-5)","background-image":"","background-repeat":"repeat","background-position":"center center","background-size":"auto","background-attachment":"scroll","background-type":"","background-media":"","overlay-type":"","overlay-color":"","overlay-opacity":"","overlay-gradient":""},"tablet":{"background-color":"","background-image":"","background-repeat":"repeat","background-position":"center center","background-size":"auto","background-attachment":"scroll","background-type":"","background-media":"","overlay-type":"","overlay-color":"","overlay-opacity":"","overlay-gradient":""},"mobile":{"background-color":"","background-image":"","background-repeat":"repeat","background-position":"center center","background-size":"auto","background-attachment":"scroll","background-type":"","background-media":"","overlay-type":"","overlay-color":"","overlay-opacity":"","overlay-gradient":""}},"ast-content-background-meta":{"desktop":{"background-color":"var(--ast-global-color-4)","background-image":"","background-repeat":"repeat","background-position":"center center","background-size":"auto","background-attachment":"scroll","background-type":"","background-media":"","overlay-type":"","overlay-color":"","overlay-opacity":"","overlay-gradient":""},"tablet":{"background-color":"var(--ast-global-color-4)","background-image":"","background-repeat":"repeat","background-position":"center center","background-size":"auto","background-attachment":"scroll","background-type":"","background-media":"","overlay-type":"","overlay-color":"","overlay-opacity":"","overlay-gradient":""},"mobile":{"background-color":"var(--ast-global-color-4)","background-image":"","background-repeat":"repeat","background-position":"center center","background-size":"auto","background-attachment":"scroll","background-type":"","background-media":"","overlay-type":"","overlay-color":"","overlay-opacity":"","overlay-gradient":""}},"footnotes":""},"class_list":["post-214","page","type-page","status-publish","hentry"],"yoast_head":"<!-- This site is optimized with the Yoast SEO plugin v25.5 - https:\/\/yoast.com\/wordpress\/plugins\/seo\/ -->\n<title>Cube Escaper Gizlilik Politikas\u0131 - Bilindik Studio<\/title>\n<meta name=\"description\" content=\"bloodrange oyunu gizlilik politikas\u0131, bloodrange gizlilik politikas\u0131, oyun gizlilik politikas\u0131, gizlilik politikas\u0131.\" \/>\n<meta name=\"robots\" content=\"index, follow, max-snippet:-1, max-image-preview:large, max-video-preview:-1\" \/>\n<link rel=\"canonical\" href=\"https:\/\/bilindiksoftwarestudio.com\/index.php\/cube-escaper-gizlilik-politikasi\/\" \/>\n<meta property=\"og:locale\" content=\"tr_TR\" \/>\n<meta property=\"og:type\" content=\"article\" \/>\n<meta property=\"og:title\" content=\"Cube Escaper Gizlilik Politikas\u0131 - Bilindik Studio\" \/>\n<meta property=\"og:description\" content=\"bloodrange oyunu gizlilik politikas\u0131, bloodrange gizlilik politikas\u0131, oyun gizlilik politikas\u0131, gizlilik politikas\u0131.\" \/>\n<meta property=\"og:url\" content=\"https:\/\/bilindiksoftwarestudio.com\/index.php\/cube-escaper-gizlilik-politikasi\/\" \/>\n<meta property=\"og:site_name\" content=\"Bilindik Studio\" \/>\n<meta property=\"article:modified_time\" content=\"2025-09-16T09:48:54+00:00\" \/>\n<meta property=\"og:image\" content=\"https:\/\/bilindiksoftwarestudio.com\/wp-content\/uploads\/2025\/07\/logo2.jpg\" \/>\n\t<meta property=\"og:image:width\" content=\"1024\" \/>\n\t<meta property=\"og:image:height\" content=\"1024\" \/>\n\t<meta property=\"og:image:type\" content=\"image\/jpeg\" \/>\n<meta name=\"twitter:card\" content=\"summary_large_image\" \/>\n<script type=\"application\/ld+json\" class=\"yoast-schema-graph\">{\"@context\":\"https:\/\/schema.org\",\"@graph\":[{\"@type\":\"WebPage\",\"@id\":\"https:\/\/bilindiksoftwarestudio.com\/index.php\/cube-escaper-gizlilik-politikasi\/\",\"url\":\"https:\/\/bilindiksoftwarestudio.com\/index.php\/cube-escaper-gizlilik-politikasi\/\",\"name\":\"Cube Escaper Gizlilik Politikas\u0131 - Bilindik Studio\",\"isPartOf\":{\"@id\":\"https:\/\/bilindiksoftwarestudio.com\/#website\"},\"datePublished\":\"2025-09-16T09:48:05+00:00\",\"dateModified\":\"2025-09-16T09:48:54+00:00\",\"description\":\"bloodrange oyunu gizlilik politikas\u0131, bloodrange gizlilik politikas\u0131, oyun gizlilik politikas\u0131, gizlilik politikas\u0131.\",\"breadcrumb\":{\"@id\":\"https:\/\/bilindiksoftwarestudio.com\/index.php\/cube-escaper-gizlilik-politikasi\/#breadcrumb\"},\"inLanguage\":\"tr\",\"potentialAction\":[{\"@type\":\"ReadAction\",\"target\":[\"https:\/\/bilindiksoftwarestudio.com\/index.php\/cube-escaper-gizlilik-politikasi\/\"]}]},{\"@type\":\"BreadcrumbList\",\"@id\":\"https:\/\/bilindiksoftwarestudio.com\/index.php\/cube-escaper-gizlilik-politikasi\/#breadcrumb\",\"itemListElement\":[{\"@type\":\"ListItem\",\"position\":1,\"name\":\"Anasayfa\",\"item\":\"https:\/\/bilindiksoftwarestudio.com\/\"},{\"@type\":\"ListItem\",\"position\":2,\"name\":\"Cube Escaper Gizlilik Politikas\u0131\"}]},{\"@type\":\"WebSite\",\"@id\":\"https:\/\/bilindiksoftwarestudio.com\/#website\",\"url\":\"https:\/\/bilindiksoftwarestudio.com\/\",\"name\":\"bilindiksoftwarestudio.com\",\"description\":\"Oyunu Bilindik Yapar\",\"publisher\":{\"@id\":\"https:\/\/bilindiksoftwarestudio.com\/#organization\"},\"alternateName\":\"Bilindik Studio\",\"potentialAction\":[{\"@type\":\"SearchAction\",\"target\":{\"@type\":\"EntryPoint\",\"urlTemplate\":\"https:\/\/bilindiksoftwarestudio.com\/?s={search_term_string}\"},\"query-input\":{\"@type\":\"PropertyValueSpecification\",\"valueRequired\":true,\"valueName\":\"search_term_string\"}}],\"inLanguage\":\"tr\"},{\"@type\":\"Organization\",\"@id\":\"https:\/\/bilindiksoftwarestudio.com\/#organization\",\"name\":\"Bilindik Studio\",\"url\":\"https:\/\/bilindiksoftwarestudio.com\/\",\"logo\":{\"@type\":\"ImageObject\",\"inLanguage\":\"tr\",\"@id\":\"https:\/\/bilindiksoftwarestudio.com\/#\/schema\/logo\/image\/\",\"url\":\"https:\/\/bilindiksoftwarestudio.com\/wp-content\/uploads\/2025\/07\/logo2.jpg\",\"contentUrl\":\"https:\/\/bilindiksoftwarestudio.com\/wp-content\/uploads\/2025\/07\/logo2.jpg\",\"width\":1024,\"height\":1024,\"caption\":\"Bilindik Studio\"},\"image\":{\"@id\":\"https:\/\/bilindiksoftwarestudio.com\/#\/schema\/logo\/image\/\"}}]}<\/script>\n<!-- \/ Yoast SEO plugin. -->","yoast_head_json":{"title":"Cube Escaper Gizlilik Politikas\u0131 - Bilindik Studio","description":"bloodrange oyunu gizlilik politikas\u0131, bloodrange gizlilik politikas\u0131, oyun gizlilik politikas\u0131, gizlilik politikas\u0131.","robots":{"index":"index","follow":"follow","max-snippet":"max-snippet:-1","max-image-preview":"max-image-preview:large","max-video-preview":"max-video-preview:-1"},"canonical":"https:\/\/bilindiksoftwarestudio.com\/index.php\/cube-escaper-gizlilik-politikasi\/","og_locale":"tr_TR","og_type":"article","og_title":"Cube Escaper Gizlilik Politikas\u0131 - Bilindik Studio","og_description":"bloodrange oyunu gizlilik politikas\u0131, bloodrange gizlilik politikas\u0131, oyun gizlilik politikas\u0131, gizlilik politikas\u0131.","og_url":"https:\/\/bilindiksoftwarestudio.com\/index.php\/cube-escaper-gizlilik-politikasi\/","og_site_name":"Bilindik Studio","article_modified_time":"2025-09-16T09:48:54+00:00","og_image":[{"width":1024,"height":1024,"url":"https:\/\/bilindiksoftwarestudio.com\/wp-content\/uploads\/2025\/07\/logo2.jpg","type":"image\/jpeg"}],"twitter_card":"summary_large_image","schema":{"@context":"https:\/\/schema.org","@graph":[{"@type":"WebPage","@id":"https:\/\/bilindiksoftwarestudio.com\/index.php\/cube-escaper-gizlilik-politikasi\/","url":"https:\/\/bilindiksoftwarestudio.com\/index.php\/cube-escaper-gizlilik-politikasi\/","name":"Cube Escaper Gizlilik Politikas\u0131 - Bilindik Studio","isPartOf":{"@id":"https:\/\/bilindiksoftwarestudio.com\/#website"},"datePublished":"2025-09-16T09:48:05+00:00","dateModified":"2025-09-16T09:48:54+00:00","description":"bloodrange oyunu gizlilik politikas\u0131, bloodrange gizlilik politikas\u0131, oyun gizlilik politikas\u0131, gizlilik politikas\u0131.","breadcrumb":{"@id":"https:\/\/bilindiksoftwarestudio.com\/index.php\/cube-escaper-gizlilik-politikasi\/#breadcrumb"},"inLanguage":"tr","potentialAction":[{"@type":"ReadAction","target":["https:\/\/bilindiksoftwarestudio.com\/index.php\/cube-escaper-gizlilik-politikasi\/"]}]},{"@type":"BreadcrumbList","@id":"https:\/\/bilindiksoftwarestudio.com\/index.php\/cube-escaper-gizlilik-politikasi\/#breadcrumb","itemListElement":[{"@type":"ListItem","position":1,"name":"Anasayfa","item":"https:\/\/bilindiksoftwarestudio.com\/"},{"@type":"ListItem","position":2,"name":"Cube Escaper Gizlilik Politikas\u0131"}]},{"@type":"WebSite","@id":"https:\/\/bilindiksoftwarestudio.com\/#website","url":"https:\/\/bilindiksoftwarestudio.com\/","name":"bilindiksoftwarestudio.com","description":"Oyunu Bilindik Yapar","publisher":{"@id":"https:\/\/bilindiksoftwarestudio.com\/#organization"},"alternateName":"Bilindik Studio","potentialAction":[{"@type":"SearchAction","target":{"@type":"EntryPoint","urlTemplate":"https:\/\/bilindiksoftwarestudio.com\/?s={search_term_string}"},"query-input":{"@type":"PropertyValueSpecification","valueRequired":true,"valueName":"search_term_string"}}],"inLanguage":"tr"},{"@type":"Organization","@id":"https:\/\/bilindiksoftwarestudio.com\/#organization","name":"Bilindik Studio","url":"https:\/\/bilindiksoftwarestudio.com\/","logo":{"@type":"ImageObject","inLanguage":"tr","@id":"https:\/\/bilindiksoftwarestudio.com\/#\/schema\/logo\/image\/","url":"https:\/\/bilindiksoftwarestudio.com\/wp-content\/uploads\/2025\/07\/logo2.jpg","contentUrl":"https:\/\/bilindiksoftwarestudio.com\/wp-content\/uploads\/2025\/07\/logo2.jpg","width":1024,"height":1024,"caption":"Bilindik Studio"},"image":{"@id":"https:\/\/bilindiksoftwarestudio.com\/#\/schema\/logo\/image\/"}}]}},"_links":{"self":[{"href":"https:\/\/bilindiksoftwarestudio.com\/index.php\/wp-json\/wp\/v2\/pages\/214","targetHints":{"allow":["GET"]}}],"collection":[{"href":"https:\/\/bilindiksoftwarestudio.com\/index.php\/wp-json\/wp\/v2\/pages"}],"about":[{"href":"https:\/\/bilindiksoftwarestudio.com\/index.php\/wp-json\/wp\/v2\/types\/page"}],"author":[{"embeddable":true,"href":"https:\/\/bilindiksoftwarestudio.com\/index.php\/wp-json\/wp\/v2\/users\/1"}],"replies":[{"embeddable":true,"href":"https:\/\/bilindiksoftwarestudio.com\/index.php\/wp-json\/wp\/v2\/comments?post=214"}],"version-history":[{"count":4,"href":"https:\/\/bilindiksoftwarestudio.com\/index.php\/wp-json\/wp\/v2\/pages\/214\/revisions"}],"predecessor-version":[{"id":218,"href":"https:\/\/bilindiksoftwarestudio.com\/index.php\/wp-json\/wp\/v2\/pages\/214\/revisions\/218"}],"wp:attachment":[{"href":"https:\/\/bilindiksoftwarestudio.com\/index.php\/wp-json\/wp\/v2\/media?parent=214"}],"curies":[{"name":"wp","href":"https:\/\/api.w.org\/{rel}","templated":true}]}}