{"id":3,"date":"2025-07-20T16:08:15","date_gmt":"2025-07-20T13:08:15","guid":{"rendered":"http:\/\/localhost\/bilindik-studio\/?page_id=3"},"modified":"2025-07-28T17:18:30","modified_gmt":"2025-07-28T14:18:30","slug":"gizlilik-politikasi","status":"publish","type":"page","link":"https:\/\/bilindiksoftwarestudio.com\/index.php\/gizlilik-politikasi\/","title":{"rendered":"Gizlilik Politikas\u0131"},"content":{"rendered":"\t\t<div data-elementor-type=\"wp-page\" data-elementor-id=\"3\" class=\"elementor elementor-3\">\n\t\t\t\t<div class=\"elementor-element elementor-element-2d0884e e-flex e-con-boxed e-con e-parent\" data-id=\"2d0884e\" data-element_type=\"container\">\n\t\t\t\t\t<div class=\"e-con-inner\">\n\t\t\t\t<div class=\"elementor-element elementor-element-1c727f1 elementor-widget elementor-widget-heading\" data-id=\"1c727f1\" data-element_type=\"widget\" data-widget_type=\"heading.default\">\n\t\t\t\t\t<h2 class=\"elementor-heading-title elementor-size-default\">Gizlilik Politikas\u0131<\/h2>\t\t\t\t<\/div>\n\t\t\t\t<div class=\"elementor-element elementor-element-d4e2411 elementor-widget-divider--view-line elementor-widget elementor-widget-divider\" data-id=\"d4e2411\" data-element_type=\"widget\" data-widget_type=\"divider.default\">\n\t\t\t\t\t\t\t<div class=\"elementor-divider\">\n\t\t\t<span class=\"elementor-divider-separator\">\n\t\t\t\t\t\t<\/span>\n\t\t<\/div>\n\t\t\t\t\t\t<\/div>\n\t\t\t\t<div class=\"elementor-element elementor-element-da1b279 elementor-widget elementor-widget-text-editor\" data-id=\"da1b279\" data-element_type=\"widget\" data-widget_type=\"text-editor.default\">\n\t\t\t\t\t\t\t\t\t<p>Bu web sitesi, Bilindik Studio taraf\u0131ndan y\u00f6netilmekte olup yaln\u0131zca \u015firket ve oyun tan\u0131t\u0131mlar\u0131 amac\u0131yla yay\u0131nlanmaktad\u0131r.<\/p><p>Ki\u015fisel Veri Toplanmas\u0131<br \/>Sitemizde kullan\u0131c\u0131 kayd\u0131, giri\u015f, yorum yapma ya da ileti\u015fim formu gibi otomatik veri toplayan alan bulunmamaktad\u0131r. Ancak, ileti\u015fim kanallar\u0131 \u00fczerinden sa\u011flanan ki\u015fisel veriler i\u015flenmektedir.<\/p><p>\u0130leti\u015fim Yoluyla Toplanan Ki\u015fisel Veriler<br \/>Ziyaret\u00e7ilerimiz web sitemizde yer alan ileti\u015fim kanallar\u0131 arac\u0131l\u0131\u011f\u0131yla (\u00f6rne\u011fin e-posta veya telefon) bizimle ileti\u015fim kurduklar\u0131nda, ileti\u015fim bilgileri (ad, soyad, e-posta adresi, telefon numaras\u0131 vb.) sadece sorular\u0131n\u0131za yan\u0131t vermek, destek sa\u011flamak ve gerekli durumlarda sizi bilgilendirmek amac\u0131yla toplanmakta ve KVKK kapsam\u0131nda korunmaktad\u0131r. Bu veriler \u00fc\u00e7\u00fcnc\u00fc \u015fah\u0131slarla payla\u015f\u0131lmamaktad\u0131r ve sadece gerekli s\u00fcre boyunca saklanmaktad\u0131r.<\/p><p>\u00c7erezler (Cookies)<br \/>Web sitemiz, kullan\u0131c\u0131 deneyimini geli\u015ftirmek amac\u0131yla \u00e7erezler kullanabilir. Ayr\u0131ca WordPress altyap\u0131s\u0131 veya baz\u0131 \u00fc\u00e7\u00fcnc\u00fc taraf hizmetler (\u00f6rne\u011fin YouTube videolar\u0131 veya harici ba\u011flant\u0131lar) \u00e7erez b\u0131rakabilir.<br \/>Taray\u0131c\u0131 ayarlar\u0131n\u0131z \u00fczerinden \u00e7erezleri engelleyebilir veya silebilirsiniz.<\/p><p>\u00dc\u00e7\u00fcnc\u00fc Taraf Hizmetler<br \/>Oyunlar\u0131m\u0131zda yer alan Google AdMob reklamlar\u0131 ve Google hizmetleri (\u00f6rne\u011fin Google Analytics), baz\u0131 anonim veriler toplayabilir (reklam kimli\u011fi, cihaz bilgisi vb.).<br \/>Bu veriler, reklamlar\u0131n ki\u015fiselle\u015ftirilmesi ve uygulama performans\u0131n\u0131n analiz edilmesi amac\u0131yla kullan\u0131l\u0131r ve Google\u2019\u0131n gizlilik politikalar\u0131na tabidir.<\/p><p>Web sitemizde ise Google Analytics hizmeti kullan\u0131lmaktad\u0131r. Google Analytics, baz\u0131 anonim veriler toplayabilir (\u00f6rne\u011fin cihaz bilgisi, site kullan\u0131m\u0131 gibi).<br \/>Bu veriler, web sitesi performans\u0131n\u0131 analiz etmek ve kullan\u0131c\u0131 deneyimini iyile\u015ftirmek amac\u0131yla kullan\u0131l\u0131r. Bu veriler de Google\u2019\u0131n gizlilik politikalar\u0131na tabidir.<\/p><p>Daha fazla bilgi i\u00e7in:<\/p><p data-start=\"1600\" data-end=\"1693\"><a class=\"\" href=\"https:\/\/policies.google.com\/privacy\" target=\"_blank\" rel=\"noopener\" data-start=\"1628\" data-end=\"1693\">Google Gizlilik Politikas\u0131<\/a><\/p><h4 data-start=\"1695\" data-end=\"1713\">\u0130leti\u015fim<\/h4><p data-start=\"1714\" data-end=\"1819\">Herhangi bir gizlilik sorusu i\u00e7in: <a href=\"https:\/\/bilindiksoftwarestudio.com\/index.php\/iletisim\/\">\u0130leti\u015fim<\/a><\/p>\t\t\t\t\t\t\t\t<\/div>\n\t\t\t\t\t<\/div>\n\t\t\t\t<\/div>\n\t\t\t\t<\/div>\n\t\t","protected":false},"excerpt":{"rendered":"<p>Gizlilik Politikas\u0131 Bu web sitesi, Bilindik Studio taraf\u0131ndan y\u00f6netilmekte olup yaln\u0131zca \u015firket ve oyun tan\u0131t\u0131mlar\u0131 amac\u0131yla yay\u0131nlanmaktad\u0131r. Ki\u015fisel Veri Toplanmas\u0131Sitemizde [&hellip;]<\/p>\n","protected":false},"author":1,"featured_media":0,"parent":0,"menu_order":0,"comment_status":"closed","ping_status":"open","template":"","meta":{"site-sidebar-layout":"no-sidebar","site-content-layout":"","ast-site-content-layout":"full-width-container","site-content-style":"default","site-sidebar-style":"default","ast-global-header-display":"","ast-banner-title-visibility":"","ast-main-header-display":"","ast-hfb-above-header-display":"","ast-hfb-below-header-display":"","ast-hfb-mobile-header-display":"","site-post-title":"disabled","ast-breadcrumbs-content":"","ast-featured-img":"disabled","footer-sml-layout":"","theme-transparent-header-meta":"","adv-header-id-meta":"","stick-header-meta":"","header-above-stick-meta":"","header-main-stick-meta":"","header-below-stick-meta":"","astra-migrate-meta-layouts":"default","ast-page-background-enabled":"default","ast-page-background-meta":{"desktop":{"background-color":"var(--ast-global-color-5)","background-image":"","background-repeat":"repeat","background-position":"center center","background-size":"auto","background-attachment":"scroll","background-type":"","background-media":"","overlay-type":"","overlay-color":"","overlay-opacity":"","overlay-gradient":""},"tablet":{"background-color":"","background-image":"","background-repeat":"repeat","background-position":"center center","background-size":"auto","background-attachment":"scroll","background-type":"","background-media":"","overlay-type":"","overlay-color":"","overlay-opacity":"","overlay-gradient":""},"mobile":{"background-color":"","background-image":"","background-repeat":"repeat","background-position":"center center","background-size":"auto","background-attachment":"scroll","background-type":"","background-media":"","overlay-type":"","overlay-color":"","overlay-opacity":"","overlay-gradient":""}},"ast-content-background-meta":{"desktop":{"background-color":"var(--ast-global-color-4)","background-image":"","background-repeat":"repeat","background-position":"center center","background-size":"auto","background-attachment":"scroll","background-type":"","background-media":"","overlay-type":"","overlay-color":"","overlay-opacity":"","overlay-gradient":""},"tablet":{"background-color":"var(--ast-global-color-4)","background-image":"","background-repeat":"repeat","background-position":"center center","background-size":"auto","background-attachment":"scroll","background-type":"","background-media":"","overlay-type":"","overlay-color":"","overlay-opacity":"","overlay-gradient":""},"mobile":{"background-color":"var(--ast-global-color-4)","background-image":"","background-repeat":"repeat","background-position":"center center","background-size":"auto","background-attachment":"scroll","background-type":"","background-media":"","overlay-type":"","overlay-color":"","overlay-opacity":"","overlay-gradient":""}},"footnotes":""},"class_list":["post-3","page","type-page","status-publish","hentry"],"yoast_head":"<!-- This site is optimized with the Yoast SEO plugin v25.5 - https:\/\/yoast.com\/wordpress\/plugins\/seo\/ -->\n<title>Gizlilik Politikas\u0131 - Bilindik Studio<\/title>\n<meta name=\"description\" content=\"bilindik studio gizlilik politikas\u0131, gizlilik politikas\u0131, gizlilik, politika, website gizlilik politikas\u0131.\" \/>\n<meta name=\"robots\" content=\"index, follow, max-snippet:-1, max-image-preview:large, max-video-preview:-1\" \/>\n<link rel=\"canonical\" href=\"https:\/\/bilindiksoftwarestudio.com\/index.php\/gizlilik-politikasi\/\" \/>\n<meta property=\"og:locale\" content=\"tr_TR\" \/>\n<meta property=\"og:type\" content=\"article\" \/>\n<meta property=\"og:title\" content=\"Gizlilik Politikas\u0131 - Bilindik Studio\" \/>\n<meta property=\"og:description\" content=\"bilindik studio gizlilik politikas\u0131, gizlilik politikas\u0131, gizlilik, politika, website gizlilik politikas\u0131.\" \/>\n<meta property=\"og:url\" content=\"https:\/\/bilindiksoftwarestudio.com\/index.php\/gizlilik-politikasi\/\" \/>\n<meta property=\"og:site_name\" content=\"Bilindik Studio\" \/>\n<meta property=\"article:modified_time\" content=\"2025-07-28T14:18:30+00:00\" \/>\n<meta property=\"og:image\" content=\"https:\/\/bilindiksoftwarestudio.com\/wp-content\/uploads\/2025\/07\/logo2.jpg\" \/>\n\t<meta property=\"og:image:width\" content=\"1024\" \/>\n\t<meta property=\"og:image:height\" content=\"1024\" \/>\n\t<meta property=\"og:image:type\" content=\"image\/jpeg\" \/>\n<meta name=\"twitter:card\" content=\"summary_large_image\" \/>\n<meta name=\"twitter:label1\" content=\"Tahmini okuma s\u00fcresi\" \/>\n\t<meta name=\"twitter:data1\" content=\"2 dakika\" \/>\n<script type=\"application\/ld+json\" class=\"yoast-schema-graph\">{\"@context\":\"https:\/\/schema.org\",\"@graph\":[{\"@type\":\"WebPage\",\"@id\":\"https:\/\/bilindiksoftwarestudio.com\/index.php\/gizlilik-politikasi\/\",\"url\":\"https:\/\/bilindiksoftwarestudio.com\/index.php\/gizlilik-politikasi\/\",\"name\":\"Gizlilik Politikas\u0131 - Bilindik Studio\",\"isPartOf\":{\"@id\":\"https:\/\/bilindiksoftwarestudio.com\/#website\"},\"datePublished\":\"2025-07-20T13:08:15+00:00\",\"dateModified\":\"2025-07-28T14:18:30+00:00\",\"description\":\"bilindik studio gizlilik politikas\u0131, gizlilik politikas\u0131, gizlilik, politika, website gizlilik politikas\u0131.\",\"breadcrumb\":{\"@id\":\"https:\/\/bilindiksoftwarestudio.com\/index.php\/gizlilik-politikasi\/#breadcrumb\"},\"inLanguage\":\"tr\",\"potentialAction\":[{\"@type\":\"ReadAction\",\"target\":[\"https:\/\/bilindiksoftwarestudio.com\/index.php\/gizlilik-politikasi\/\"]}]},{\"@type\":\"BreadcrumbList\",\"@id\":\"https:\/\/bilindiksoftwarestudio.com\/index.php\/gizlilik-politikasi\/#breadcrumb\",\"itemListElement\":[{\"@type\":\"ListItem\",\"position\":1,\"name\":\"Anasayfa\",\"item\":\"https:\/\/bilindiksoftwarestudio.com\/\"},{\"@type\":\"ListItem\",\"position\":2,\"name\":\"Gizlilik Politikas\u0131\"}]},{\"@type\":\"WebSite\",\"@id\":\"https:\/\/bilindiksoftwarestudio.com\/#website\",\"url\":\"https:\/\/bilindiksoftwarestudio.com\/\",\"name\":\"bilindiksoftwarestudio.com\",\"description\":\"Oyunu Bilindik Yapar\",\"publisher\":{\"@id\":\"https:\/\/bilindiksoftwarestudio.com\/#organization\"},\"alternateName\":\"Bilindik Studio\",\"potentialAction\":[{\"@type\":\"SearchAction\",\"target\":{\"@type\":\"EntryPoint\",\"urlTemplate\":\"https:\/\/bilindiksoftwarestudio.com\/?s={search_term_string}\"},\"query-input\":{\"@type\":\"PropertyValueSpecification\",\"valueRequired\":true,\"valueName\":\"search_term_string\"}}],\"inLanguage\":\"tr\"},{\"@type\":\"Organization\",\"@id\":\"https:\/\/bilindiksoftwarestudio.com\/#organization\",\"name\":\"Bilindik Studio\",\"url\":\"https:\/\/bilindiksoftwarestudio.com\/\",\"logo\":{\"@type\":\"ImageObject\",\"inLanguage\":\"tr\",\"@id\":\"https:\/\/bilindiksoftwarestudio.com\/#\/schema\/logo\/image\/\",\"url\":\"https:\/\/bilindiksoftwarestudio.com\/wp-content\/uploads\/2025\/07\/logo2.jpg\",\"contentUrl\":\"https:\/\/bilindiksoftwarestudio.com\/wp-content\/uploads\/2025\/07\/logo2.jpg\",\"width\":1024,\"height\":1024,\"caption\":\"Bilindik Studio\"},\"image\":{\"@id\":\"https:\/\/bilindiksoftwarestudio.com\/#\/schema\/logo\/image\/\"}}]}<\/script>\n<!-- \/ Yoast SEO plugin. -->","yoast_head_json":{"title":"Gizlilik Politikas\u0131 - Bilindik Studio","description":"bilindik studio gizlilik politikas\u0131, gizlilik politikas\u0131, gizlilik, politika, website gizlilik politikas\u0131.","robots":{"index":"index","follow":"follow","max-snippet":"max-snippet:-1","max-image-preview":"max-image-preview:large","max-video-preview":"max-video-preview:-1"},"canonical":"https:\/\/bilindiksoftwarestudio.com\/index.php\/gizlilik-politikasi\/","og_locale":"tr_TR","og_type":"article","og_title":"Gizlilik Politikas\u0131 - Bilindik Studio","og_description":"bilindik studio gizlilik politikas\u0131, gizlilik politikas\u0131, gizlilik, politika, website gizlilik politikas\u0131.","og_url":"https:\/\/bilindiksoftwarestudio.com\/index.php\/gizlilik-politikasi\/","og_site_name":"Bilindik Studio","article_modified_time":"2025-07-28T14:18:30+00:00","og_image":[{"width":1024,"height":1024,"url":"https:\/\/bilindiksoftwarestudio.com\/wp-content\/uploads\/2025\/07\/logo2.jpg","type":"image\/jpeg"}],"twitter_card":"summary_large_image","twitter_misc":{"Tahmini okuma s\u00fcresi":"2 dakika"},"schema":{"@context":"https:\/\/schema.org","@graph":[{"@type":"WebPage","@id":"https:\/\/bilindiksoftwarestudio.com\/index.php\/gizlilik-politikasi\/","url":"https:\/\/bilindiksoftwarestudio.com\/index.php\/gizlilik-politikasi\/","name":"Gizlilik Politikas\u0131 - Bilindik Studio","isPartOf":{"@id":"https:\/\/bilindiksoftwarestudio.com\/#website"},"datePublished":"2025-07-20T13:08:15+00:00","dateModified":"2025-07-28T14:18:30+00:00","description":"bilindik studio gizlilik politikas\u0131, gizlilik politikas\u0131, gizlilik, politika, website gizlilik politikas\u0131.","breadcrumb":{"@id":"https:\/\/bilindiksoftwarestudio.com\/index.php\/gizlilik-politikasi\/#breadcrumb"},"inLanguage":"tr","potentialAction":[{"@type":"ReadAction","target":["https:\/\/bilindiksoftwarestudio.com\/index.php\/gizlilik-politikasi\/"]}]},{"@type":"BreadcrumbList","@id":"https:\/\/bilindiksoftwarestudio.com\/index.php\/gizlilik-politikasi\/#breadcrumb","itemListElement":[{"@type":"ListItem","position":1,"name":"Anasayfa","item":"https:\/\/bilindiksoftwarestudio.com\/"},{"@type":"ListItem","position":2,"name":"Gizlilik Politikas\u0131"}]},{"@type":"WebSite","@id":"https:\/\/bilindiksoftwarestudio.com\/#website","url":"https:\/\/bilindiksoftwarestudio.com\/","name":"bilindiksoftwarestudio.com","description":"Oyunu Bilindik Yapar","publisher":{"@id":"https:\/\/bilindiksoftwarestudio.com\/#organization"},"alternateName":"Bilindik Studio","potentialAction":[{"@type":"SearchAction","target":{"@type":"EntryPoint","urlTemplate":"https:\/\/bilindiksoftwarestudio.com\/?s={search_term_string}"},"query-input":{"@type":"PropertyValueSpecification","valueRequired":true,"valueName":"search_term_string"}}],"inLanguage":"tr"},{"@type":"Organization","@id":"https:\/\/bilindiksoftwarestudio.com\/#organization","name":"Bilindik Studio","url":"https:\/\/bilindiksoftwarestudio.com\/","logo":{"@type":"ImageObject","inLanguage":"tr","@id":"https:\/\/bilindiksoftwarestudio.com\/#\/schema\/logo\/image\/","url":"https:\/\/bilindiksoftwarestudio.com\/wp-content\/uploads\/2025\/07\/logo2.jpg","contentUrl":"https:\/\/bilindiksoftwarestudio.com\/wp-content\/uploads\/2025\/07\/logo2.jpg","width":1024,"height":1024,"caption":"Bilindik Studio"},"image":{"@id":"https:\/\/bilindiksoftwarestudio.com\/#\/schema\/logo\/image\/"}}]}},"_links":{"self":[{"href":"https:\/\/bilindiksoftwarestudio.com\/index.php\/wp-json\/wp\/v2\/pages\/3","targetHints":{"allow":["GET"]}}],"collection":[{"href":"https:\/\/bilindiksoftwarestudio.com\/index.php\/wp-json\/wp\/v2\/pages"}],"about":[{"href":"https:\/\/bilindiksoftwarestudio.com\/index.php\/wp-json\/wp\/v2\/types\/page"}],"author":[{"embeddable":true,"href":"https:\/\/bilindiksoftwarestudio.com\/index.php\/wp-json\/wp\/v2\/users\/1"}],"replies":[{"embeddable":true,"href":"https:\/\/bilindiksoftwarestudio.com\/index.php\/wp-json\/wp\/v2\/comments?post=3"}],"version-history":[{"count":25,"href":"https:\/\/bilindiksoftwarestudio.com\/index.php\/wp-json\/wp\/v2\/pages\/3\/revisions"}],"predecessor-version":[{"id":212,"href":"https:\/\/bilindiksoftwarestudio.com\/index.php\/wp-json\/wp\/v2\/pages\/3\/revisions\/212"}],"wp:attachment":[{"href":"https:\/\/bilindiksoftwarestudio.com\/index.php\/wp-json\/wp\/v2\/media?parent=3"}],"curies":[{"name":"wp","href":"https:\/\/api.w.org\/{rel}","templated":true}]}}